{"id":490,"date":"2025-04-15T09:14:40","date_gmt":"2025-04-15T14:14:40","guid":{"rendered":"https:\/\/lacareillinois.org\/en\/?page_id=490"},"modified":"2026-03-01T20:50:10","modified_gmt":"2026-03-02T02:50:10","slug":"illinois-brain-health-project","status":"publish","type":"page","link":"https:\/\/lacareillinois.org\/es\/tu-cerebro-te-lo-agradecera\/","title":{"rendered":"Tu cerebro te lo agradecer\u00e1"},"content":{"rendered":"<p><img loading=\"lazy\" decoding=\"async\" class=\"wp-image-501 size-full aligncenter\" style=\"display: block; margin: 0 auto;\" src=\"https:\/\/lacareillinois.org\/wp-content\/uploads\/2025\/04\/ILBHP-Graphic-Spanish.jpeg\" alt=\"\" width=\"1080\" height=\"1080\" \/><\/p>\n<h1 style=\"text-align: center; color: #001523;\">La salud de tu cerebro est\u00e1 en tus manos<\/h1>\n<p>&nbsp;<\/p>\n<h2 style=\"text-align: center; color: #001523;\">Latino Alzheimer\u2019s Coalition For Advocacy, Research and Education (LACARE) anuncia su apoyo a la iniciativa para promover la salud cerebral y reducir el deterioro cognitivo en Illinois<\/h2>\n<p>&nbsp;<\/p>\n<p style=\"max-width: 800px; margin: auto; color: #001523; font-size: 16px; line-height: 1.6;\">Latino Alzheimer\u2019s Coalition For Advocacy, Research and Education (LACARE), en colaboraci\u00f3n con el Departamento de Salud P\u00fablica de Illinois y la Asociaci\u00f3n de Alzheimer \u2013 Cap\u00edtulo Illinois, anuncia el lanzamiento del <strong>Illinois Brain Health Project<\/strong>, una innovadora iniciativa de salud p\u00fablica dise\u00f1ada para educar a los residentes de Illinois sobre la importancia de la salud cerebral. Esta campa\u00f1a integral se enfoca en reducir el deterioro cognitivo al abordar factores de riesgo modificables y promover pr\u00e1cticas de estilo de vida saludables, con \u00e9nfasis especial en comunidades diversas, desatendidas y de alto riesgo.<\/p>\n<p style=\"max-width: 800px; margin: auto; color: #001523; font-size: 16px; line-height: 1.6;\">Muchas personas pasan por alto o descuidan su salud cerebral hasta que experimentan un deterioro cognitivo, sin saber que acciones simples y cotidianas pueden ayudar a mantener el cerebro sano. Esta campa\u00f1a est\u00e1 dise\u00f1ada para educar a las comunidades locales de Illinois sobre acciones accesibles que apoyan la salud cerebral, como la actividad f\u00edsica, el sue\u00f1o de calidad y el ejercicio cognitivo. El objetivo es hacer que el cuidado del cerebro sea accesible y libre de estr\u00e9s, para que puedas cuidar de tu mente sin sentirte abrumado. La campa\u00f1a se lanzar\u00e1 con anuncios digitales y un sitio web: <a href=\"http:\/\/www.yourbrainwillthankyou.com\" target=\"_blank\" rel=\"noopener\">www.yourbrainwillthankyou.com<\/a>.<\/p>\n<h3 style=\"text-align: center; color: #002b3b; margin-top: 40px;\">Socios clave del Illinois Brain Health Project<\/h3>\n<p style=\"max-width: 800px; margin: auto; color: #001523; font-size: 14px; line-height: 1.6;\">LACARE forma parte del comit\u00e9 de planificaci\u00f3n convocado por la Asociaci\u00f3n de Alzheimer con expertos en el tema para definir la visi\u00f3n, estrategia y ejecuci\u00f3n del proyecto. Las organizaciones representadas incluyen:<\/p>\n<p style=\"max-width: 800px; margin: auto; color: #001523; font-size: 14px; line-height: 1.6;\">AARP Illinois, Bright Star Community Outreach, Chicago Department of Family &amp; Support Services, Chicago Urban League, CRIS Healthy Aging, Egyptian Area Agency on Aging, Enlace Chicago, Illinois Department on Aging, Illinois Public Health Association, Latino Alzheimer\u2019s Coalition For Advocacy, Research and Education (LACARE), The Midwest Roybal Center for Health Promotion and Translation | University of Illinois Chicago, National Association of Hispanic Nurses, Illinois OSF HealthCare, Rush University Medical Center y SHARE Network.<\/p>\n<p style=\"max-width: 800px; margin: auto; color: #001523; font-size: 14px; line-height: 1.6;\">La iniciativa se apoyar\u00e1 en alianzas con estas organizaciones para garantizar un alcance eficaz y equitativo. Todos los materiales tambi\u00e9n estar\u00e1n disponibles en espa\u00f1ol.<\/p>\n<h3 style=\"text-align: center; color: #002b3b; margin-top: 40px;\">Avanzando en la salud cerebral en todo Illinois<\/h3>\n<p style=\"max-width: 800px; margin: auto; color: #001523; font-size: 14px; line-height: 1.6;\">El Illinois Brain Health Project subraya el compromiso del Cap\u00edtulo de Illinois de la Asociaci\u00f3n de Alzheimer y del Departamento de Salud P\u00fablica de Illinois con la reducci\u00f3n de las disparidades en salud y el apoyo al bienestar de poblaciones desatendidas. A trav\u00e9s del uso de estrategias basadas en evidencia y la colaboraci\u00f3n entre expertos en salud y organizaciones comunitarias, esta iniciativa busca generar un cambio duradero en la educaci\u00f3n sobre salud cerebral y la reducci\u00f3n de riesgos.<\/p>\n<p style=\"text-align: center; font-size: 14px; color: #001523; margin-top: 20px;\">Para m\u00e1s informaci\u00f3n, puedes contactar a Olivia Matongo al correo <a href=\"mailto:illinoisbrainhealth@alz.org\">illinoisbrainhealth@alz.org<\/a>.<\/p>\n<div style=\"text-align: center; margin-top: 40px;\"><img decoding=\"async\" style=\"max-width: 160px; margin: 10px;\" src=\"https:\/\/static.wixstatic.com\/media\/b3049e_22170084ad1e4cd08c8a17c5a99c425f~mv2.png\/v1\/fill\/w_524,h_180,al_c,lg_1,q_85,enc_avif,quality_auto\/ALZ_IllinoisChapter_RGB_Color.png\" alt=\"Logo ALZ\" \/><br \/>\n<img decoding=\"async\" style=\"max-width: 160px; margin: 10px;\" src=\"https:\/\/static.wixstatic.com\/media\/aa8285_6b842f19fc874ef39f9f29222071e1c5~mv2.png\/v1\/fill\/w_524,h_180,al_c,q_85,usm_0.66_1.00_0.01,enc_avif,quality_auto\/BOLD_logo_final.png\" alt=\"Logo BOLD\" \/><br \/>\n<img decoding=\"async\" style=\"max-width: 160px; margin: 10px;\" src=\"https:\/\/static.wixstatic.com\/media\/aa8285_21b256accc0b4f32ada8c861f987a7d6~mv2.png\/v1\/fill\/w_452,h_140,al_c,q_85,usm_0.66_1.00_0.01,enc_avif,quality_auto\/idph-logo-1024x318.png\" alt=\"Logo IDPH\" \/><\/div>\n<p style=\"text-align: center; font-size: 12px; color: #666; margin-top: 30px;\">El Illinois Brain Health Project cuenta con el apoyo de una subvenci\u00f3n del Departamento de Salud P\u00fablica de Illinois y de los Centros para el Control y la Prevenci\u00f3n de Enfermedades (CDC) y el Departamento de Salud y Servicios Humanos de los Estados Unidos (HHS), como parte de una ayuda financiera total de $500,000, de los cuales el 42% est\u00e1 destinado a este proyecto. El contenido es responsabilidad exclusiva de los autores y no representa necesariamente los puntos de vista oficiales ni el respaldo de los CDC\/HHS ni del Gobierno de EE. UU.<\/p>\n<p>&nbsp;<\/p>","protected":false},"excerpt":{"rendered":"<p>La salud de tu cerebro est\u00e1 en tus manos &nbsp; Latino Alzheimer\u2019s Coalition For Advocacy, Research and Education (LACARE) anuncia su apoyo a la iniciativa para promover la salud cerebral y reducir el deterioro cognitivo en Illinois &nbsp; Latino Alzheimer\u2019s Coalition For Advocacy, Research and Education (LACARE), en colaboraci\u00f3n con el Departamento de Salud P\u00fablica [&hellip;]<\/p>\n","protected":false},"author":4,"featured_media":0,"parent":0,"menu_order":0,"comment_status":"closed","ping_status":"closed","template":"","meta":{"footnotes":""},"class_list":["post-490","page","type-page","status-publish","hentry"],"_links":{"self":[{"href":"https:\/\/lacareillinois.org\/es\/wp-json\/wp\/v2\/pages\/490","targetHints":{"allow":["GET"]}}],"collection":[{"href":"https:\/\/lacareillinois.org\/es\/wp-json\/wp\/v2\/pages"}],"about":[{"href":"https:\/\/lacareillinois.org\/es\/wp-json\/wp\/v2\/types\/page"}],"author":[{"embeddable":true,"href":"https:\/\/lacareillinois.org\/es\/wp-json\/wp\/v2\/users\/4"}],"replies":[{"embeddable":true,"href":"https:\/\/lacareillinois.org\/es\/wp-json\/wp\/v2\/comments?post=490"}],"version-history":[{"count":18,"href":"https:\/\/lacareillinois.org\/es\/wp-json\/wp\/v2\/pages\/490\/revisions"}],"predecessor-version":[{"id":689,"href":"https:\/\/lacareillinois.org\/es\/wp-json\/wp\/v2\/pages\/490\/revisions\/689"}],"wp:attachment":[{"href":"https:\/\/lacareillinois.org\/es\/wp-json\/wp\/v2\/media?parent=490"}],"curies":[{"name":"wp","href":"https:\/\/api.w.org\/{rel}","templated":true}]}}