{"id":562,"date":"2025-05-25T17:56:00","date_gmt":"2025-05-25T22:56:00","guid":{"rendered":"https:\/\/lacareillinois.org\/en\/?page_id=562"},"modified":"2025-05-26T19:50:03","modified_gmt":"2025-05-27T00:50:03","slug":"blog","status":"publish","type":"page","link":"https:\/\/lacareillinois.org\/es\/blog\/","title":{"rendered":"Blog"},"content":{"rendered":"<p><\/p>\n<section style=\"max-width: 850px; margin: 2rem auto; padding: 0 1rem;\">\n<div style=\"display: flex; flex-wrap: wrap; align-items: center; gap: 2rem;\">\n<div style=\"flex: 1 1 300px; min-width: 280px;\">\n<p style=\"font-size: 1.1rem; line-height: 1.6; margin-bottom: 1.5rem;\">Mi nombre es Perla Castro. Soy una guatemalteca-estadounidense que vive en el \u00e1rea metropolitana de Chicago. Mi madre, Lesbia (Mami), fue diagnosticada con Alzheimer de inicio temprano a los 54 a\u00f1os. Actualmente tiene m\u00e1s de 60 y se encuentra en las etapas finales de la enfermedad.<\/p>\n<p style=\"font-size: 1.1rem; line-height: 1.6;\">Comparto la experiencia de mi familia con el Alzheimer con la esperanza de que la informaci\u00f3n y recursos que transmito puedan hacer m\u00e1s llevadero tu recorrido por esta enfermedad, y ayudarte a seguir teniendo interacciones significativas con tu ser querido.<\/p>\n<\/div>\n<figure style=\"flex: 0 0 300px; text-align: center;\"><img loading=\"lazy\" decoding=\"async\" style=\"border-radius: 8px; max-width: 100%;\" src=\"https:\/\/lacareillinois.org\/wp-content\/uploads\/2025\/05\/Mama_y_Perly_Alz_walk_2011-300x300-1.jpg\" alt=\"Mam\u00e1 y yo en la caminata por el Alzheimer\" width=\"300\" height=\"300\" \/><figcaption style=\"margin-top: 0.5rem; font-size: 0.9rem; color: #444;\">MAM\u00c1 Y YO EN LA CAMINATA DE LA MEMORIA<\/figcaption><\/figure>\n<\/div>\n<\/section>\n<section style=\"max-width: 850px; margin: 3rem auto; padding: 0 1rem;\">\n<h2 style=\"text-align: center; font-size: 2rem; color: #3e0357; margin-bottom: 2rem;\">Historias de Nuestra Experiencia<\/h2>\n<div style=\"margin-bottom: 2.5rem;\">\n<h3 style=\"border-left: 4px solid #3e0357; padding-left: 0.5rem;\"><a style=\"color: #3e0357; text-decoration: none;\" href=\"https:\/\/lacareillinois.org\/es\/viviendo-el-amor\/\">Viviendo el Amor<\/a><\/h3>\n<p style=\"margin: 0.5rem 0 0 0;\">Una reflexi\u00f3n sobre c\u00f3mo el amor y la conexi\u00f3n permanecen fuertes, incluso en las etapas finales del Alzheimer.<\/p>\n<\/div>\n<div style=\"margin-bottom: 2.5rem;\">\n<h3 style=\"border-left: 4px solid #3e0357; padding-left: 0.5rem;\"><a style=\"color: #3e0357; text-decoration: none;\" href=\"https:\/\/lacareillinois.org\/es\/agua-de-coco\/\">Agua de Coco<\/a><\/h3>\n<p style=\"margin: 0.5rem 0 0 0;\">La historia de c\u00f3mo el cari\u00f1o de una madre trasciende el tiempo, los recuerdos y las palabras, a trav\u00e9s de peque\u00f1os gestos cotidianos.<\/p>\n<\/div>\n<div style=\"margin-bottom: 2.5rem;\">\n<h3 style=\"border-left: 4px solid #3e0357; padding-left: 0.5rem;\"><a style=\"color: #3e0357; text-decoration: none;\" href=\"https:\/\/lacareillinois.org\/es\/fases\/\">Fases<\/a><\/h3>\n<p style=\"margin: 0.5rem 0 0 0;\">A medida que avanza la enfermedad, cada fase presenta nuevos desaf\u00edos. Una historia personal sobre c\u00f3mo enfrentar el miedo con amor y compa\u00f1\u00eda.<\/p>\n<\/div>\n<div style=\"margin-bottom: 2.5rem;\">\n<h3 style=\"border-left: 4px solid #3e0357; padding-left: 0.5rem;\"><a style=\"color: #3e0357; text-decoration: none;\" href=\"https:\/\/lacareillinois.org\/es\/cuidarse-a-uno-mismo\/\">Cuidarse a Uno Mismo<\/a><\/h3>\n<p style=\"margin: 0.5rem 0 0 0;\">La importancia de cuidar nuestra propia salud f\u00edsica y emocional mientras cuidamos a los dem\u00e1s.<\/p>\n<\/div>\n<div style=\"margin-bottom: 2.5rem;\">\n<h3 style=\"border-left: 4px solid #3e0357; padding-left: 0.5rem;\"><a style=\"color: #3e0357; text-decoration: none;\" href=\"https:\/\/lacareillinois.org\/es\/reconectando-con-amigos\/\">Reconectando con Amigos<\/a><\/h3>\n<p style=\"margin: 0.5rem 0 0 0;\">Un emotivo reencuentro inesperado revela el impacto duradero de las amistades en la memoria y el coraz\u00f3n.<\/p>\n<\/div>\n<\/section>\n<section class=\"submit-blog\" style=\"margin-top: 4rem; text-align: center; padding: 2rem; background-color: #f5f0f7; border-radius: 8px;\">\n<h3 style=\"color: #3e0357;\">\u00bfTe gustar\u00eda compartir tu historia como cuidador o cuidadora?<\/h3>\n<p>Si has aprendido lecciones valiosas o deseas compartir tu experiencia, nos encantar\u00eda conocerla.<\/p>\n<p><a style=\"display: inline-block; margin-top: 1rem; padding: 0.6rem 1.2rem; background-color: #3e0357; color: white; border-radius: 5px; text-decoration: none;\" href=\"mailto:info@lacareillinois.org\">Escr\u00edbenos para enviar tu blog<br \/>\n<\/a><\/p>\n<\/section>\n<p>&nbsp;<\/p>","protected":false},"excerpt":{"rendered":"<p>Mi nombre es Perla Castro. Soy una guatemalteca-estadounidense que vive en el \u00e1rea metropolitana de Chicago. Mi madre, Lesbia (Mami), fue diagnosticada con Alzheimer de inicio temprano a los 54 a\u00f1os. Actualmente tiene m\u00e1s de 60 y se encuentra en las etapas finales de la enfermedad. Comparto la experiencia de mi familia con el Alzheimer [&hellip;]<\/p>\n","protected":false},"author":4,"featured_media":0,"parent":0,"menu_order":0,"comment_status":"closed","ping_status":"closed","template":"","meta":{"footnotes":""},"class_list":["post-562","page","type-page","status-publish","hentry"],"_links":{"self":[{"href":"https:\/\/lacareillinois.org\/es\/wp-json\/wp\/v2\/pages\/562","targetHints":{"allow":["GET"]}}],"collection":[{"href":"https:\/\/lacareillinois.org\/es\/wp-json\/wp\/v2\/pages"}],"about":[{"href":"https:\/\/lacareillinois.org\/es\/wp-json\/wp\/v2\/types\/page"}],"author":[{"embeddable":true,"href":"https:\/\/lacareillinois.org\/es\/wp-json\/wp\/v2\/users\/4"}],"replies":[{"embeddable":true,"href":"https:\/\/lacareillinois.org\/es\/wp-json\/wp\/v2\/comments?post=562"}],"version-history":[{"count":10,"href":"https:\/\/lacareillinois.org\/es\/wp-json\/wp\/v2\/pages\/562\/revisions"}],"predecessor-version":[{"id":599,"href":"https:\/\/lacareillinois.org\/es\/wp-json\/wp\/v2\/pages\/562\/revisions\/599"}],"wp:attachment":[{"href":"https:\/\/lacareillinois.org\/es\/wp-json\/wp\/v2\/media?parent=562"}],"curies":[{"name":"wp","href":"https:\/\/api.w.org\/{rel}","templated":true}]}}