{"id":571,"date":"2025-05-25T18:12:10","date_gmt":"2025-05-25T23:12:10","guid":{"rendered":"https:\/\/lacareillinois.org\/en\/?page_id=571"},"modified":"2025-05-25T18:47:20","modified_gmt":"2025-05-25T23:47:20","slug":"phases","status":"publish","type":"page","link":"https:\/\/lacareillinois.org\/es\/fases\/","title":{"rendered":"Fases"},"content":{"rendered":"<p><\/p>\n<p class=\"p1\">\u00bfVerdad que la foto de hoy es hermosa? Aunque fue un fin de semana dif\u00edcil, mam\u00e1 logr\u00f3 re\u00edrse la mayor parte del tiempo, especialmente cuando los ni\u00f1os estaban cerca de ella. En la imagen aparece con Abbie, su nieta mayor. Cuando recuerdo \u2014en medio de todo esto\u2014 que mi madre sigue siendo una persona feliz, me invade una profunda alegr\u00eda.<\/p>\n<p class=\"p1\">El viernes mam\u00e1 fue al m\u00e9dico, lo cual fue toda una aventura (y una historia que contar\u00e9 otro d\u00eda). Mam\u00e1 ha empezado a cojear y es dif\u00edcil saber si se debe al pie o a la rodilla. Al mismo tiempo, le cuesta m\u00e1s bajar las escaleras (subir no es tan complicado) y est\u00e1 m\u00e1s distra\u00edda de lo normal. El m\u00e9dico orden\u00f3 una tomograf\u00eda (CAT scan) de su cerebro y una consulta de seguimiento con un neur\u00f3logo. Eso nunca es una buena se\u00f1al.<\/p>\n<p class=\"p1\">Vamos d\u00eda a d\u00eda, pero no es f\u00e1cil. Seg\u00fan la Asociaci\u00f3n de Alzheimer, la enfermedad tiene siete fases. Nosotros llevamos ya tiempo en las fases m\u00e1s avanzadas, y eso nos aterra.<\/p>\n<p><img loading=\"lazy\" decoding=\"async\" class=\"size-full wp-image-572 aligncenter\" src=\"https:\/\/lacareillinois.org\/wp-content\/uploads\/2025\/05\/exthffotfre-300x300-1.jpg\" alt=\"\" width=\"300\" height=\"300\" srcset=\"https:\/\/lacareillinois.org\/wp-content\/uploads\/2025\/05\/exthffotfre-300x300-1.jpg 300w, https:\/\/lacareillinois.org\/wp-content\/uploads\/2025\/05\/exthffotfre-300x300-1-150x150.jpg 150w\" sizes=\"auto, (max-width: 300px) 100vw, 300px\" \/><\/p>\n<p><a href=\"https:\/\/lacareillinois.org\/es\/blog\/\">\u2190 Regresar a blog<\/a><\/p>","protected":false},"excerpt":{"rendered":"<p>\u00bfVerdad que la foto de hoy es hermosa? Aunque fue un fin de semana dif\u00edcil, mam\u00e1 logr\u00f3 re\u00edrse la mayor parte del tiempo, especialmente cuando los ni\u00f1os estaban cerca de ella. En la imagen aparece con Abbie, su nieta mayor. Cuando recuerdo \u2014en medio de todo esto\u2014 que mi madre sigue siendo una persona feliz, [&hellip;]<\/p>\n","protected":false},"author":4,"featured_media":0,"parent":0,"menu_order":0,"comment_status":"closed","ping_status":"closed","template":"template-blog.php","meta":{"footnotes":""},"class_list":["post-571","page","type-page","status-publish","hentry"],"_links":{"self":[{"href":"https:\/\/lacareillinois.org\/es\/wp-json\/wp\/v2\/pages\/571","targetHints":{"allow":["GET"]}}],"collection":[{"href":"https:\/\/lacareillinois.org\/es\/wp-json\/wp\/v2\/pages"}],"about":[{"href":"https:\/\/lacareillinois.org\/es\/wp-json\/wp\/v2\/types\/page"}],"author":[{"embeddable":true,"href":"https:\/\/lacareillinois.org\/es\/wp-json\/wp\/v2\/users\/4"}],"replies":[{"embeddable":true,"href":"https:\/\/lacareillinois.org\/es\/wp-json\/wp\/v2\/comments?post=571"}],"version-history":[{"count":3,"href":"https:\/\/lacareillinois.org\/es\/wp-json\/wp\/v2\/pages\/571\/revisions"}],"predecessor-version":[{"id":585,"href":"https:\/\/lacareillinois.org\/es\/wp-json\/wp\/v2\/pages\/571\/revisions\/585"}],"wp:attachment":[{"href":"https:\/\/lacareillinois.org\/es\/wp-json\/wp\/v2\/media?parent=571"}],"curies":[{"name":"wp","href":"https:\/\/api.w.org\/{rel}","templated":true}]}}